{"id":164,"date":"2025-12-17T04:35:54","date_gmt":"2025-12-17T04:35:54","guid":{"rendered":"https:\/\/staging-prod-wi.cdcndevelopment.com\/services\/"},"modified":"2026-02-24T06:33:50","modified_gmt":"2026-02-24T06:33:50","slug":"services","status":"publish","type":"page","link":"https:\/\/www.consumerdirectwi.com\/vi\/services\/","title":{"rendered":"D\u1ecbch v\u1ee5"},"content":{"rendered":"<div data-elementor-type=\"wp-page\" data-elementor-id=\"164\" class=\"elementor elementor-164\" data-elementor-post-type=\"page\">\n\t\t\t\t<div class=\"elementor-element elementor-element-10ef58e1 e-con-full e-flex e-con e-parent\" data-id=\"10ef58e1\" data-element_type=\"container\" data-settings=\"{&quot;background_background&quot;:&quot;classic&quot;}\">\n\t\t<div class=\"elementor-element elementor-element-1ee75736 e-con-full elementor-hidden-mobile e-flex e-con e-child\" data-id=\"1ee75736\" data-element_type=\"container\" data-settings=\"{&quot;background_background&quot;:&quot;classic&quot;}\">\n\t\t\t\t<div class=\"elementor-element elementor-element-fb7f5d7 elementor-widget__width-initial elementor-widget elementor-widget-heading\" data-id=\"fb7f5d7\" data-element_type=\"widget\" data-widget_type=\"heading.default\">\n\t\t\t\t\t<h1 class=\"elementor-heading-title elementor-size-default\"><mark>LU\u00d4N \u0110\u1ed2NG H\u00c0NH C\u00d9NG B\u1ea0N<\/mark> T\u1ea0I NH\u00c0 V\u00c0 TRONG C\u1ed8NG \u0110\u1ed2NG C\u1ee6A B\u1ea0N  <\/h1>\t\t\t\t<\/div>\n\t\t\t\t<\/div>\n\t\t<div class=\"elementor-element elementor-element-3e08f871 elementor-hidden-desktop elementor-hidden-tablet e-flex e-con-boxed e-con e-child\" data-id=\"3e08f871\" data-element_type=\"container\">\n\t\t\t\t\t<div class=\"e-con-inner\">\n\t\t\t\t<div class=\"elementor-element elementor-element-3a5ab3d1 elementor-widget__width-initial elementor-widget elementor-widget-heading\" data-id=\"3a5ab3d1\" data-element_type=\"widget\" data-widget_type=\"heading.default\">\n\t\t\t\t\t<h1 class=\"elementor-heading-title elementor-size-default\"><mark>LU\u00d4N \u0110\u1ed2NG H\u00c0NH C\u00d9NG B\u1ea0N<\/mark> T\u1ea0I NH\u00c0 V\u00c0 TRONG C\u1ed8NG \u0110\u1ed2NG C\u1ee6A B\u1ea0N  <\/h1>\t\t\t\t<\/div>\n\t\t\t\t<div class=\"elementor-element elementor-element-73ffcd83 elementor-widget-mobile__width-inherit elementor-widget elementor-widget-image\" data-id=\"73ffcd83\" data-element_type=\"widget\" data-widget_type=\"image.default\">\n\t\t\t\t\t\t\t\t\t\t\t\t\t\t\t<img decoding=\"async\" src=\"https:\/\/www.consumerdirectwi.com\/wp-content\/uploads\/sites\/29\/2025\/12\/Suport-Broker-Services-Desktop-Image.png\" title=\"\" alt=\"\" loading=\"lazy\" \/>\t\t\t\t\t\t\t\t\t\t\t\t\t\t\t<\/div>\n\t\t\t\t\t<\/div>\n\t\t\t\t<\/div>\n\t\t\t\t<\/div>\n\t\t<div class=\"elementor-element elementor-element-96db4d9 e-flex e-con-boxed e-con e-parent\" data-id=\"96db4d9\" data-element_type=\"container\">\n\t\t\t\t\t<div class=\"e-con-inner\">\n\t\t\t\t<div class=\"elementor-element elementor-element-1fe23ff section-tag-white elementor-widget elementor-widget-heading\" data-id=\"1fe23ff\" data-element_type=\"widget\" data-widget_type=\"heading.default\">\n\t\t\t\t\t<h2 class=\"elementor-heading-title elementor-size-default\">D\u1ecbch v\u1ee5 c\u1ee7a ch\u00fang t\u00f4i<\/h2>\t\t\t\t<\/div>\n\t\t\t\t<div class=\"elementor-element elementor-element-85fc941 elementor-widget elementor-widget-heading\" data-id=\"85fc941\" data-element_type=\"widget\" data-widget_type=\"heading.default\">\n\t\t\t\t\t<h5 class=\"elementor-heading-title elementor-size-default\">M\u1ea1ng l\u01b0\u1edbi Ch\u0103m s\u00f3c Tr\u1ef1c ti\u1ebfp cho Ng\u01b0\u1eddi ti\u00eau d\u00f9ng Wisconsin cung c\u1ea5p c\u00e1c d\u1ecbch v\u1ee5 v\u00e0 h\u1ed7 tr\u1ee3 do ch\u00ednh b\u1ea1n ch\u1ee7 \u0111\u1ed9ng l\u1ef1a ch\u1ecdn, nh\u1eb1m gi\u00fap b\u1ea1n duy tr\u00ec s\u1ef1 an to\u00e0n, s\u1ee9c kh\u1ecfe v\u00e0 s\u1ef1 t\u1ef1 l\u1eadp t\u1ea1i nh\u00e0 c\u0169ng nh\u01b0 trong c\u1ed9ng \u0111\u1ed3ng.<\/h5>\t\t\t\t<\/div>\n\t\t\t\t\t<\/div>\n\t\t\t\t<\/div>\n\t\t<div class=\"elementor-element elementor-element-fa99bf7 e-flex e-con-boxed e-con e-parent\" data-id=\"fa99bf7\" data-element_type=\"container\">\n\t\t\t\t\t<div class=\"e-con-inner\">\n\t\t<div class=\"elementor-element elementor-element-d90edc6 e-con-full e-flex e-con e-child\" data-id=\"d90edc6\" data-element_type=\"container\" data-settings=\"{&quot;background_background&quot;:&quot;classic&quot;}\">\n\t\t<a class=\"elementor-element elementor-element-376f602 e-con-full e-flex e-con e-child\" data-id=\"376f602\" data-element_type=\"container\" data-settings=\"{&quot;background_background&quot;:&quot;classic&quot;}\" href=\"https:\/\/www.consumerdirectwi.com\/vi\/childrens-long-term-support\/\">\n\t\t\t\t<div class=\"elementor-element elementor-element-fbcbe22 elementor-widget elementor-widget-heading\" data-id=\"fbcbe22\" data-element_type=\"widget\" data-widget_type=\"heading.default\">\n\t\t\t\t\t<div class=\"elementor-heading-title elementor-size-default\">D\u1ecbch v\u1ee5 ch\u0103m s\u00f3c d\u00e0i h\u1ea1n cho tr\u1ebb em<\/div>\t\t\t\t<\/div>\n\t\t\t\t<div class=\"elementor-element elementor-element-d7ce383 elementor-widget elementor-widget-text-editor\" data-id=\"d7ce383\" data-element_type=\"widget\" data-widget_type=\"text-editor.default\">\n\t\t\t\t\t\t\t\t\tCh\u00fang t\u00f4i h\u1ed7 tr\u1ee3 c\u00e1c nhu c\u1ea7u ch\u0103m s\u00f3c t\u1ea1i nh\u00e0 cho gia \u0111\u00ecnh qu\u00fd v\u1ecb th\u00f4ng qua c\u00e1c d\u1ecbch v\u1ee5 d\u00e0nh cho tr\u1ebb em do ch\u00ednh quy\u1ec1n \u0111\u1ecba ph\u01b0\u01a1ng qu\u1ea3n l\u00fd.\t\t\t\t\t\t\t\t<\/div>\n\t\t\t\t<\/a>\n\t\t\t\t<\/div>\n\t\t<div class=\"elementor-element elementor-element-6aa3f48 e-con-full e-flex e-con e-child\" data-id=\"6aa3f48\" data-element_type=\"container\" data-settings=\"{&quot;background_background&quot;:&quot;classic&quot;}\">\n\t\t<a class=\"elementor-element elementor-element-7ed60d8 e-con-full e-flex e-con e-child\" data-id=\"7ed60d8\" data-element_type=\"container\" data-settings=\"{&quot;background_background&quot;:&quot;classic&quot;}\" href=\"https:\/\/www.consumerdirectwi.com\/vi\/services\/support-broker\/\">\n\t\t\t\t<div class=\"elementor-element elementor-element-2ef9de7 elementor-widget elementor-widget-heading\" data-id=\"2ef9de7\" data-element_type=\"widget\" data-widget_type=\"heading.default\">\n\t\t\t\t\t<div class=\"elementor-heading-title elementor-size-default\">D\u1ecbch v\u1ee5 h\u1ed7 tr\u1ee3 m\u00f4i gi\u1edbi<\/div>\t\t\t\t<\/div>\n\t\t\t\t<div class=\"elementor-element elementor-element-e084896 elementor-widget elementor-widget-text-editor\" data-id=\"e084896\" data-element_type=\"widget\" data-widget_type=\"text-editor.default\">\n\t\t\t\t\t\t\t\t\tC\u00e1c chuy\u00ean vi\u00ean h\u1ed7 tr\u1ee3 c\u1ee7a ch\u00fang t\u00f4i s\u1ebd h\u1ee3p t\u00e1c v\u1edbi qu\u00fd v\u1ecb \u0111\u1ec3 \u0111i\u1ec1u ph\u1ed1i v\u00e0 qu\u1ea3n l\u00fd c\u00e1c d\u1ecbch v\u1ee5 t\u1ef1 qu\u1ea3n l\u00fd c\u1ee7a qu\u00fd v\u1ecb.\t\t\t\t\t\t\t\t<\/div>\n\t\t\t\t<\/a>\n\t\t\t\t<\/div>\n\t\t<div class=\"elementor-element elementor-element-e56bba5 e-con-full e-flex e-con e-child\" data-id=\"e56bba5\" data-element_type=\"container\" data-settings=\"{&quot;background_background&quot;:&quot;classic&quot;}\">\n\t\t<a class=\"elementor-element elementor-element-52360b3 e-con-full e-flex e-con e-child\" data-id=\"52360b3\" data-element_type=\"container\" data-settings=\"{&quot;background_background&quot;:&quot;classic&quot;}\" href=\"https:\/\/www.consumerdirectwi.com\/vi\/family-care\/\">\n\t\t\t\t<div class=\"elementor-element elementor-element-e22bc37 elementor-widget elementor-widget-heading\" data-id=\"e22bc37\" data-element_type=\"widget\" data-widget_type=\"heading.default\">\n\t\t\t\t\t<div class=\"elementor-heading-title elementor-size-default\">D\u1ecbch v\u1ee5 ch\u0103m s\u00f3c gia \u0111\u00ecnh<\/div>\t\t\t\t<\/div>\n\t\t\t\t<div class=\"elementor-element elementor-element-dbb4e2d elementor-widget elementor-widget-text-editor\" data-id=\"dbb4e2d\" data-element_type=\"widget\" data-widget_type=\"text-editor.default\">\n\t\t\t\t\t\t\t\t\tFamily Care l\u00e0 m\u1ed9t d\u1ecbch v\u1ee5 ch\u0103m s\u00f3c d\u00e0i h\u1ea1n cung c\u1ea5p s\u1ef1 h\u1ed7 tr\u1ee3 to\u00e0n di\u1ec7n nh\u01b0ng linh ho\u1ea1t cho ng\u01b0\u1eddi l\u1edbn khuy\u1ebft t\u1eadt v\u00e0 ng\u01b0\u1eddi cao tu\u1ed5i.\t\t\t\t\t\t\t\t<\/div>\n\t\t\t\t<\/a>\n\t\t\t\t<\/div>\n\t\t<div class=\"elementor-element elementor-element-3bacdc0 e-con-full e-flex e-con e-child\" data-id=\"3bacdc0\" data-element_type=\"container\" data-settings=\"{&quot;background_background&quot;:&quot;classic&quot;}\">\n\t\t<div class=\"elementor-element elementor-element-8d8cf2d e-con-full e-flex e-con e-child\" data-id=\"8d8cf2d\" data-element_type=\"container\" data-settings=\"{&quot;background_background&quot;:&quot;classic&quot;}\">\n\t\t\t\t<div class=\"elementor-element elementor-element-41f5cde elementor-widget elementor-widget-heading\" data-id=\"41f5cde\" data-element_type=\"widget\" data-widget_type=\"heading.default\">\n\t\t\t\t\t<h3 class=\"elementor-heading-title elementor-size-default\">C\u1ea7n th\u00eam s\u1ef1 tr\u1ee3 gi\u00fap?<\/h3>\t\t\t\t<\/div>\n\t\t\t\t<div class=\"elementor-element elementor-element-9062e2b primary-light elementor-widget elementor-widget-button\" data-id=\"9062e2b\" data-element_type=\"widget\" data-widget_type=\"button.default\">\n\t\t\t\t\t\t\t\t\t\t<a class=\"elementor-button elementor-button-link elementor-size-sm\" href=\"\/vi\/contact\/\">\n\t\t\t\t\t\t<span class=\"elementor-button-content-wrapper\">\n\t\t\t\t\t\t\t\t\t<span class=\"elementor-button-text\">H\u00e3y li\u00ean h\u1ec7 v\u1edbi m\u1ed9t th\u00e0nh vi\u00ean trong \u0111\u1ed9i ng\u0169<\/span>\n\t\t\t\t\t<\/span>\n\t\t\t\t\t<\/a>\n\t\t\t\t\t\t\t\t<\/div>\n\t\t\t\t<\/div>\n\t\t\t\t<\/div>\n\t\t\t\t\t<\/div>\n\t\t\t\t<\/div>\n\t\t<div class=\"elementor-element elementor-element-39dcda92 e-con-full e-flex e-con e-parent\" data-id=\"39dcda92\" data-element_type=\"container\" id=\"our-locations\" data-settings=\"{&quot;background_background&quot;:&quot;classic&quot;}\">\n\t\t<div class=\"elementor-element elementor-element-696e69a2 e-con-full e-flex e-con e-child\" data-id=\"696e69a2\" data-element_type=\"container\">\n\t\t<div class=\"elementor-element elementor-element-1c08f314 e-con-full e-flex e-con e-child\" data-id=\"1c08f314\" data-element_type=\"container\">\n\t\t\t\t<div class=\"elementor-element elementor-element-3feb75ca section-tag-grey elementor-widget elementor-widget-heading\" data-id=\"3feb75ca\" data-element_type=\"widget\" data-widget_type=\"heading.default\">\n\t\t\t\t\t<h2 class=\"elementor-heading-title elementor-size-default\">V\u0103n ph\u00f2ng t\u1ea1i Wisconsin<\/h2>\t\t\t\t<\/div>\n\t\t\t\t<div class=\"elementor-element elementor-element-6b264a2e elementor-widget__width-inherit elementor-widget-mobile__width-inherit elementor-widget elementor-widget-heading\" data-id=\"6b264a2e\" data-element_type=\"widget\" data-widget_type=\"heading.default\">\n\t\t\t\t\t<h5 class=\"elementor-heading-title elementor-size-default\">Ch\u00fang t\u00f4i cung c\u1ea5p d\u1ecbch v\u1ee5 ch\u0103m s\u00f3c t\u1ea1i nh\u00e0 tr\u00ean to\u00e0n bang Wisconsin. V\u0103n ph\u00f2ng \u0111\u1ecba ph\u01b0\u01a1ng c\u1ee7a ch\u00fang t\u00f4i \u0111\u01b0\u1ee3c \u0111i\u1ec1u h\u00e0nh b\u1edfi c\u00e1c th\u00e0nh vi\u00ean trong c\u1ed9ng \u0111\u1ed3ng, nh\u1eefng ng\u01b0\u1eddi cam k\u1ebft h\u1ed7 tr\u1ee3 b\u1ea1n trong vi\u1ec7c qu\u1ea3n l\u00fd qu\u00e1 tr\u00ecnh ch\u0103m s\u00f3c c\u1ee7a m\u00ecnh.<\/h5>\t\t\t\t<\/div>\n\t\t\t\t<div class=\"elementor-element elementor-element-15c79f78 elementor-pagination-type-progressbar location-carousel trp-no-translate elementor-arrows-position-inside elementor-widget elementor-widget-n-carousel\" data-id=\"15c79f78\" data-element_type=\"widget\" data-settings=\"{&quot;carousel_items&quot;:[{&quot;slide_title&quot;:&quot;Slide #1&quot;,&quot;_id&quot;:&quot;72ad4c3&quot;}],&quot;slides_to_show&quot;:&quot;1&quot;,&quot;slides_to_scroll_mobile&quot;:&quot;1&quot;,&quot;offset_sides&quot;:&quot;right&quot;,&quot;offset_width&quot;:{&quot;unit&quot;:&quot;px&quot;,&quot;size&quot;:0,&quot;sizes&quot;:[]},&quot;offset_width_tablet&quot;:{&quot;unit&quot;:&quot;px&quot;,&quot;size&quot;:0,&quot;sizes&quot;:[]},&quot;offset_width_mobile&quot;:{&quot;unit&quot;:&quot;px&quot;,&quot;size&quot;:137,&quot;sizes&quot;:[]},&quot;pagination&quot;:&quot;progressbar&quot;,&quot;image_spacing_custom&quot;:{&quot;unit&quot;:&quot;px&quot;,&quot;size&quot;:24,&quot;sizes&quot;:[]},&quot;image_spacing_custom_mobile&quot;:{&quot;unit&quot;:&quot;px&quot;,&quot;size&quot;:16,&quot;sizes&quot;:[]},&quot;slides_to_show_tablet&quot;:&quot;3&quot;,&quot;slides_to_show_mobile&quot;:&quot;1&quot;,&quot;infinite&quot;:&quot;yes&quot;,&quot;speed&quot;:500,&quot;arrows&quot;:&quot;yes&quot;,&quot;image_spacing_custom_tablet&quot;:{&quot;unit&quot;:&quot;px&quot;,&quot;size&quot;:&quot;&quot;,&quot;sizes&quot;:[]}}\" data-widget_type=\"nested-carousel.default\" data-no-translation=\"\">\n\t\t\t\t\t\t\t<div class=\"e-n-carousel swiper\" role=\"region\" aria-roledescription=\"carousel\" aria-label=\"Carousel\" dir=\"ltr\">\n\t\t\t<div class=\"swiper-wrapper\" aria-live=\"polite\">\n\t\t\t\t\t\t\t\t\t\t<div class=\"swiper-slide\" data-slide=\"1\" role=\"group\" aria-roledescription=\"slide\" aria-label=\"1 of 1\">\n\t\t\t\t\t\t\t<div class=\"elementor-element elementor-element-65754a9d e-con-full e-flex e-con e-child\" data-id=\"65754a9d\" data-element_type=\"container\">\n\t\t<a class=\"elementor-element elementor-element-5025af73 e-con-full e-flex e-con e-child\" data-id=\"5025af73\" data-element_type=\"container\" data-settings=\"{&quot;background_background&quot;:&quot;classic&quot;}\" href=\"https:\/\/www.consumerdirectwi.com\/vi\/locations\/\" target=\"_blank\">\n\t\t<div class=\"elementor-element elementor-element-2162c1ef e-con-full e-flex e-con e-child\" data-id=\"2162c1ef\" data-element_type=\"container\" data-settings=\"{&quot;background_background&quot;:&quot;classic&quot;}\">\n\t\t\t\t<div class=\"elementor-element elementor-element-2bdaf116 elementor-widget elementor-widget-heading\" data-id=\"2bdaf116\" data-element_type=\"widget\" data-widget_type=\"heading.default\">\n\t\t\t\t\t<h4 class=\"elementor-heading-title elementor-size-default\">Hudson<\/h4>\t\t\t\t<\/div>\n\t\t\t\t<\/div>\n\t\t\t\t<\/a>\n\t\t\t\t<\/div>\n\t\t\t\t\t\t\t\t<\/div>\n\t\t\t\t\t\t\t\t<\/div>\n\t\t<\/div>\n\t\t\t\t\t\t<\/div>\n\t\t\t\t<\/div>\n\t\t\t\t<\/div>\n\t\t\t\t<\/div>\n\t\t\t\t<\/div>","protected":false},"excerpt":{"rendered":"<p>C\u1ea7n tr\u1ee3 gi\u00fap th\u00eam? N\u00f3i chuy\u1ec7n v\u1edbi m\u1ed9t Th\u00e0nh vi\u00ean trong Nh\u00f3m<\/p>","protected":false},"author":1,"featured_media":0,"parent":0,"menu_order":0,"comment_status":"closed","ping_status":"closed","template":"","meta":{"_acf_changed":false,"footnotes":""},"class_list":["post-164","page","type-page","status-publish","hentry"],"acf":[],"yoast_head":"<!-- This site is optimized with the Yoast SEO plugin v26.0 - https:\/\/yoast.com\/wordpress\/plugins\/seo\/ -->\n<title>Services - Wisconsin - Consumer Direct Care<\/title>\n<meta name=\"robots\" content=\"index, follow, max-snippet:-1, max-image-preview:large, max-video-preview:-1\" \/>\n<link rel=\"canonical\" href=\"https:\/\/www.consumerdirectwi.com\/vi\/services\/\" \/>\n<meta property=\"og:locale\" content=\"vi_VN\" \/>\n<meta property=\"og:type\" content=\"article\" \/>\n<meta property=\"og:title\" content=\"Services - Wisconsin - Consumer Direct Care\" \/>\n<meta property=\"og:description\" content=\"Need more help? Talk to a Team Member\" \/>\n<meta property=\"og:url\" content=\"https:\/\/www.consumerdirectwi.com\/vi\/services\/\" \/>\n<meta property=\"og:site_name\" content=\"Wisconsin - Consumer Direct Care\" \/>\n<meta property=\"article:modified_time\" content=\"2026-02-24T06:33:50+00:00\" \/>\n<meta name=\"twitter:card\" content=\"summary_large_image\" \/>\n<meta name=\"twitter:label1\" content=\"\u01af\u1edbc t\u00ednh th\u1eddi gian \u0111\u1ecdc\" \/>\n\t<meta name=\"twitter:data1\" content=\"1 ph\u00fat\" \/>\n<script type=\"application\/ld+json\" class=\"yoast-schema-graph\">{\"@context\":\"https:\/\/schema.org\",\"@graph\":[{\"@type\":\"WebPage\",\"@id\":\"https:\/\/www.consumerdirectwi.com\/services\/\",\"url\":\"https:\/\/www.consumerdirectwi.com\/services\/\",\"name\":\"Services - Wisconsin - Consumer Direct Care\",\"isPartOf\":{\"@id\":\"https:\/\/www.consumerdirectwi.com\/#website\"},\"datePublished\":\"2025-12-17T04:35:54+00:00\",\"dateModified\":\"2026-02-24T06:33:50+00:00\",\"breadcrumb\":{\"@id\":\"https:\/\/www.consumerdirectwi.com\/services\/#breadcrumb\"},\"inLanguage\":\"vi\",\"potentialAction\":[{\"@type\":\"ReadAction\",\"target\":[\"https:\/\/www.consumerdirectwi.com\/services\/\"]}]},{\"@type\":\"BreadcrumbList\",\"@id\":\"https:\/\/www.consumerdirectwi.com\/services\/#breadcrumb\",\"itemListElement\":[{\"@type\":\"ListItem\",\"position\":1,\"name\":\"Home\",\"item\":\"https:\/\/www.consumerdirectwi.com\/\"},{\"@type\":\"ListItem\",\"position\":2,\"name\":\"Services\"}]},{\"@type\":\"WebSite\",\"@id\":\"https:\/\/www.consumerdirectwi.com\/#website\",\"url\":\"https:\/\/www.consumerdirectwi.com\/\",\"name\":\"Wisconsin - Consumer Direct Care\",\"description\":\"\",\"publisher\":{\"@id\":\"https:\/\/www.consumerdirectwi.com\/#organization\"},\"potentialAction\":[{\"@type\":\"SearchAction\",\"target\":{\"@type\":\"EntryPoint\",\"urlTemplate\":\"https:\/\/www.consumerdirectwi.com\/?s={search_term_string}\"},\"query-input\":{\"@type\":\"PropertyValueSpecification\",\"valueRequired\":true,\"valueName\":\"search_term_string\"}}],\"inLanguage\":\"vi\"},{\"@type\":\"Organization\",\"@id\":\"https:\/\/www.consumerdirectwi.com\/#organization\",\"name\":\"Wisconsin - Consumer Direct Care\",\"url\":\"https:\/\/www.consumerdirectwi.com\/\",\"logo\":{\"@type\":\"ImageObject\",\"inLanguage\":\"vi\",\"@id\":\"https:\/\/www.consumerdirectwi.com\/#\/schema\/logo\/image\/\",\"url\":\"https:\/\/www.consumerdirectwi.com\/wp-content\/uploads\/sites\/29\/2025\/12\/Logo.png\",\"contentUrl\":\"https:\/\/www.consumerdirectwi.com\/wp-content\/uploads\/sites\/29\/2025\/12\/Logo.png\",\"width\":159,\"height\":48,\"caption\":\"Wisconsin - Consumer Direct Care\"},\"image\":{\"@id\":\"https:\/\/www.consumerdirectwi.com\/#\/schema\/logo\/image\/\"}}]}<\/script>\n<!-- \/ Yoast SEO plugin. -->","yoast_head_json":{"title":"Services - Wisconsin - Consumer Direct Care","robots":{"index":"index","follow":"follow","max-snippet":"max-snippet:-1","max-image-preview":"max-image-preview:large","max-video-preview":"max-video-preview:-1"},"canonical":"https:\/\/www.consumerdirectwi.com\/vi\/services\/","og_locale":"vi_VN","og_type":"article","og_title":"Services - Wisconsin - Consumer Direct Care","og_description":"Need more help? Talk to a Team Member","og_url":"https:\/\/www.consumerdirectwi.com\/vi\/services\/","og_site_name":"Wisconsin - Consumer Direct Care","article_modified_time":"2026-02-24T06:33:50+00:00","twitter_card":"summary_large_image","twitter_misc":{"\u01af\u1edbc t\u00ednh th\u1eddi gian \u0111\u1ecdc":"1 ph\u00fat"},"schema":{"@context":"https:\/\/schema.org","@graph":[{"@type":"WebPage","@id":"https:\/\/www.consumerdirectwi.com\/services\/","url":"https:\/\/www.consumerdirectwi.com\/services\/","name":"Services - Wisconsin - Consumer Direct Care","isPartOf":{"@id":"https:\/\/www.consumerdirectwi.com\/#website"},"datePublished":"2025-12-17T04:35:54+00:00","dateModified":"2026-02-24T06:33:50+00:00","breadcrumb":{"@id":"https:\/\/www.consumerdirectwi.com\/services\/#breadcrumb"},"inLanguage":"vi","potentialAction":[{"@type":"ReadAction","target":["https:\/\/www.consumerdirectwi.com\/services\/"]}]},{"@type":"BreadcrumbList","@id":"https:\/\/www.consumerdirectwi.com\/services\/#breadcrumb","itemListElement":[{"@type":"ListItem","position":1,"name":"Home","item":"https:\/\/www.consumerdirectwi.com\/"},{"@type":"ListItem","position":2,"name":"Services"}]},{"@type":"WebSite","@id":"https:\/\/www.consumerdirectwi.com\/#website","url":"https:\/\/www.consumerdirectwi.com\/","name":"Wisconsin - Ch\u0103m s\u00f3c tr\u1ef1c ti\u1ebfp cho ng\u01b0\u1eddi ti\u00eau d\u00f9ng","description":"","publisher":{"@id":"https:\/\/www.consumerdirectwi.com\/#organization"},"potentialAction":[{"@type":"SearchAction","target":{"@type":"EntryPoint","urlTemplate":"https:\/\/www.consumerdirectwi.com\/?s={search_term_string}"},"query-input":{"@type":"PropertyValueSpecification","valueRequired":true,"valueName":"search_term_string"}}],"inLanguage":"vi"},{"@type":"Organization","@id":"https:\/\/www.consumerdirectwi.com\/#organization","name":"Wisconsin - Ch\u0103m s\u00f3c tr\u1ef1c ti\u1ebfp cho ng\u01b0\u1eddi ti\u00eau d\u00f9ng","url":"https:\/\/www.consumerdirectwi.com\/","logo":{"@type":"ImageObject","inLanguage":"vi","@id":"https:\/\/www.consumerdirectwi.com\/#\/schema\/logo\/image\/","url":"https:\/\/www.consumerdirectwi.com\/wp-content\/uploads\/sites\/29\/2025\/12\/Logo.png","contentUrl":"https:\/\/www.consumerdirectwi.com\/wp-content\/uploads\/sites\/29\/2025\/12\/Logo.png","width":159,"height":48,"caption":"Wisconsin - Consumer Direct Care"},"image":{"@id":"https:\/\/www.consumerdirectwi.com\/#\/schema\/logo\/image\/"}}]}},"_links":{"self":[{"href":"https:\/\/www.consumerdirectwi.com\/vi\/wp-json\/wp\/v2\/pages\/164","targetHints":{"allow":["GET"]}}],"collection":[{"href":"https:\/\/www.consumerdirectwi.com\/vi\/wp-json\/wp\/v2\/pages"}],"about":[{"href":"https:\/\/www.consumerdirectwi.com\/vi\/wp-json\/wp\/v2\/types\/page"}],"author":[{"embeddable":true,"href":"https:\/\/www.consumerdirectwi.com\/vi\/wp-json\/wp\/v2\/users\/1"}],"replies":[{"embeddable":true,"href":"https:\/\/www.consumerdirectwi.com\/vi\/wp-json\/wp\/v2\/comments?post=164"}],"version-history":[{"count":73,"href":"https:\/\/www.consumerdirectwi.com\/vi\/wp-json\/wp\/v2\/pages\/164\/revisions"}],"predecessor-version":[{"id":2322,"href":"https:\/\/www.consumerdirectwi.com\/vi\/wp-json\/wp\/v2\/pages\/164\/revisions\/2322"}],"wp:attachment":[{"href":"https:\/\/www.consumerdirectwi.com\/vi\/wp-json\/wp\/v2\/media?parent=164"}],"curies":[{"name":"wp","href":"https:\/\/api.w.org\/{rel}","templated":true}]}}